{"id":3125,"date":"2015-10-30T02:48:21","date_gmt":"2015-10-30T09:48:21","guid":{"rendered":"http:\/\/demo.agnidesigns.com\/cookie\/?page_id=5"},"modified":"2025-06-02T23:43:22","modified_gmt":"2025-06-03T06:43:22","slug":"danzafolklorikatepic","status":"publish","type":"page","link":"https:\/\/danzafolkloricatepic.edu.mx\/","title":{"rendered":"Danza Folkl\u00f3rika Tepic"},"content":{"rendered":"\t\t<div data-elementor-type=\"wp-page\" data-elementor-id=\"3125\" class=\"elementor elementor-3125\">\n\t\t\t\t\t\t<section class=\"elementor-section elementor-top-section elementor-element elementor-element-4c7abb2f elementor-section-stretched elementor-section-boxed elementor-section-height-default elementor-section-height-default\" data-id=\"4c7abb2f\" data-element_type=\"section\" data-settings=\"{&quot;stretch_section&quot;:&quot;section-stretched&quot;}\">\n\t\t\t\t\t\t<div class=\"elementor-container elementor-column-gap-default\">\n\t\t\t\t\t<div class=\"elementor-column elementor-col-100 elementor-top-column elementor-element elementor-element-3176c44e\" data-id=\"3176c44e\" data-element_type=\"column\">\n\t\t\t<div class=\"elementor-widget-wrap elementor-element-populated\">\n\t\t\t\t\t\t<div class=\"elementor-element elementor-element-67a9a581 elementor-widget elementor-widget-text-editor\" data-id=\"67a9a581\" data-element_type=\"widget\" data-widget_type=\"text-editor.default\">\n\t\t\t\t<div class=\"elementor-widget-container\">\n\t\t\t\t\t\t\t\t\t<p>[vc_row full_width=\u00bbstretch_row\u00bb css=\u00bb.vc_custom_1649916396502{background: #db214c url(http:\/\/danzafolkloricatepic.edu.mx\/wp-content\/uploads\/2022\/04\/fondorosa.png?id=4901) !important;background-position: 0 0 !important;background-repeat: repeat !important;}\u00bb][vc_column width=\u00bb1\/3&#8243; css=\u00bb.vc_custom_1649916425021{background-position: 0 0 !important;background-repeat: repeat !important;}\u00bb][vc_column_text]<\/p><h3><span style=\"color: #db214c;\"><strong>\u00bfQui\u00e9nes somos?<\/strong><\/span><\/h3><p>Somos una Instituci\u00f3n con personalildad Jur\u00eddica propia y reconocida por el Gobierno Estatal y Federal, adem\u00e1s contamos con seguridad, eficiencia y calidad para reforzar el bienestar social y cultural, respetando el marco \u00e9tico y legal; cumpliendo con los Planes y Programas de Estudio, adem\u00e1s de brindar servicios de excelencia mediante la realizaci\u00f3n de Actividades C\u00edvicas, Art\u00edsticas y culturales, con calildad \u00e9tica y responsabilidad.[\/vc_column_text][\/vc_column][vc_column width=\u00bb1\/3&#8243;][vc_column_text]<\/p><h3><span style=\"color: #db214c;\"><strong>Misi\u00f3n<\/strong><\/span><\/h3><p>Es formar profesionistas con bases Cient\u00edficas, Humanistas, Esp\u00edritu Nacional\u00edsta y de Justicia, siendo estos los elementos que le motiven a la continuaci\u00f3n exitosa de su preparaci\u00f3n y de esta forma pueda incorporarse al mercado de producci\u00f3n art\u00edstica o de prestaci\u00f3n de servicios. Proporcionando al educando herramientas que lo encaucen hacia un desarrollo integral y arm\u00f3nico entendido este c\u00f3mo adquisici\u00f3n de h\u00e1bitos, habilidades mentales, y destreza motriz. Hciendo que el estudiente participe de manera activa en el mejoramiento social y cultural para lograr una identidad nacional, dentro de un marco c\u00edvico y \u00e9tico, aprendiendo Danzas y Bailes Regionales, Dise\u00f1o y aplicaci\u00f3n de t\u00e9cnicas deber\u00e1n ser ejecutados metodicamente para lograr el dominio total.[\/vc_column_text][vc_empty_space][\/vc_column][vc_column width=\u00bb1\/3&#8243;][vc_column_text]<\/p><h3><span style=\"color: #db214c;\"><strong>Visi\u00f3n<\/strong><\/span><\/h3><p>Somos una Instituci\u00f3n con desarrollo progresivo dentro del juego competitivo que la globalizaci\u00f3n exige; a fin de que se generen y difundan los conocimientos requeridos para el desarrollo sociocultural. Nuestra visi\u00f3n se construye a partir de una conciencia participativa y reflexiva de las metas que deseamos lograr; vinculando los conocimiento adquiridos con la vida cotidiana. Nuestros egresados tendran una visi\u00f3n multidisciplinaria especializada, de gran amplitud anal\u00edtica aplicada en su desempe\u00f1o profesional.[\/vc_column_text][\/vc_column][\/vc_row][vc_row css=\u00bb.vc_custom_1748932517519{padding-right: 15px !important;padding-left: 15px !important;background-color: #a3a3a3 !important;background-position: 0 0 !important;background-repeat: repeat !important;}\u00bb][vc_column width=\u00bb1\/2&#8243;][vc_column_text]<img fetchpriority=\"high\" decoding=\"async\" class=\"wp-image-4723 size-full aligncenter\" src=\"http:\/\/danzafolkloricatepic.edu.mx\/wp-content\/uploads\/2019\/06\/logog.png\" alt=\"\" width=\"332\" height=\"404\" srcset=\"https:\/\/danzafolkloricatepic.edu.mx\/wp-content\/uploads\/2019\/06\/logog.png 332w, https:\/\/danzafolkloricatepic.edu.mx\/wp-content\/uploads\/2019\/06\/logog-247x300.png 247w\" sizes=\"(max-width: 332px) 100vw, 332px\" \/>[\/vc_column_text][\/vc_column][vc_column width=\u00bb1\/2&#8243;][vc_custom_heading text=\u00bb\u201cPOR LA PRESERVACI\u00d3N DEL FOLKLOR PATRIMONIO NACIONAL\u201d\u00bb font_container=\u00bbtag:h2|text_align:center|color:%23db214c\u00bb google_fonts=\u00bbfont_family:Lato%3A100%2C100italic%2C300%2C300italic%2Cregular%2Citalic%2C700%2C700italic%2C900%2C900italic|font_style:400%20regular%3A400%3Anormal\u00bb][vc_column_text]En la Escuela Especial Folkl\u00f3rico Tepic, A.C. formamos excelentes Profesionistas, en la Licenciatura en Danza Regional Mexicana con Clave 18PAL0002C con RECONOCIMIENTOS DE VALIDEZ OFICAL RE.V.O.E. ESLI\/1817\/102\/2005 con Decreto de reconocimiento de Validez Oficial 013 y Registro Federal de la Direcci\u00f3n General de Profesiones con Clave: DGP 243302-180066[\/vc_column_text][\/vc_column][\/vc_row][vc_row][vc_column][vc_custom_heading text=\u00bbCATEDR\u00c1TICOS\u00bb font_container=\u00bbtag:h1|text_align:center|color:%23db214c\u00bb google_fonts=\u00bbfont_family:Lato%3A100%2C100italic%2C300%2C300italic%2Cregular%2Citalic%2C700%2C700italic%2C900%2C900italic|font_style:900%20bold%20regular%3A900%3Anormal\u00bb][\/vc_column][\/vc_row][vc_row][vc_column width=\u00bb1\/3&#8243;][vc_column_text][vc_hoverbox image=\u00bb4727&#8243; primary_title=\u00bb\u00bb primary_align=\u00bbjustify\u00bb hover_title=\u00bb\u00bb shape=\u00bbsquare\u00bb]Ram\u00f3n Torres form\u00f3 parte del Ballet Folkl\u00f3rico Matatipac del I.M.S.S. en 1967, particip\u00f3 como bailar\u00edn en la Delegaci\u00f3n de Nayarit en las Olimpiadas de M\u00e9xico 1968 en el acto inaugural, fu\u00e9 galardonado como MEJOR BAILAR\u00cdN SOLISTA en el Teatro Degollado en 1972, Egresado de la Academia de la Danza Mexicana en 1973, Bailar\u00edn y Core\u00f3grafo del Ballet Folkl\u00f3rico de la Universidad Aut\u00f3noma de Nayarit, bajo la Direcci\u00f3n del extinto profesor Jaime Buentello Baz\u00e1n, Fundador y Director del desaparecido Ballet Folkl\u00f3rico \u00abTONANTZIN\u00bb de la U.A.N. Fundador y Director del Ballet Folkl\u00f3rico de la U.A.N. \u00abMAHUATZI\u00bb Hasta 2008, Fundador y Director de la Escuela Especial Folkl\u00f3rica Tepic, A.C. en 1983.[\/vc_hoverbox][\/vc_column_text][\/vc_column][vc_column width=\u00bb1\/3&#8243;][vc_column_text][vc_hoverbox image=\u00bb4730&#8243; primary_title=\u00bb\u00bb hover_title=\u00bb\u00bb shape=\u00bbsquare\u00bb]Santill\u00e1n Gonz\u00e1lez, Inicio como Bailar\u00edn del Ballet Folkl\u00f3rico TONANTZIN de la U.A.N. en 1981, Asistente del Ballet Folkl\u00f3rico TONANTZIN de 1985 a 1990, Iniciando sus estudios profesional de Danza Regional Mexicana como miembro de la Primera Generaci\u00f3n de la Escuela Especial Folkl\u00f3rica Tepic, A.C.<\/p><p>\u00a0<\/p><p>Licenciado en Educaci\u00f3n Media en el \u00c1rea de Espa\u00f1ol. Desempe\u00f1a el cargo de Subdirector Acad\u00e9mico de esta Instituci\u00f3n desde el a\u00f1o de 1991.[\/vc_hoverbox][\/vc_column_text][\/vc_column][vc_column width=\u00bb1\/3&#8243;][vc_column_text][vc_hoverbox image=\u00bb4728&#8243; primary_title=\u00bb\u00bb hover_title=\u00bb\u00bb shape=\u00bbsquare\u00bb]Rogelio Jr. se integr\u00f3 al Ballet Folkl\u00f3rico TONANTZIN en 1984 como Bailar\u00edn, iniciando ese mismo a\u00f1o sus estudios profesionales de T\u00e9cnico en Danza Regional Mexicana egresado titulado de la Escuela Especial Folkl\u00f3rica Tepic .A.C. como Profesor en Danza Regional Mexicana y Licenciado en Danza Regional Mexicana, en el a\u00f1o 2000 funda junto con el Profesor Jos\u00e9 Ram\u00f3n Torres Tenorio el Ballet Folkl\u00f3rico de la U.A.N. MAHUATZI, desempe\u00f1\u00e1ndose como Director General y Core\u00f3grafo en el a\u00f1o 2019 renuncia a dicho cargo por Jubilaci\u00f3n en laU.A.N. tras 28 a\u00f1os de Servicio. En el campo laboral Universitario, ha impartido clases magistrales del Folklor de Nayarit en la UNAM, en la Escuela Nacional de Danza de Gloria y Nellie Compabello, en la Benem\u00e9rita Universidad Aut\u00f3noma de Puebla, en el Estado de Hidalgo y en Delicias Chihuahua. Actualmente dirige el Ballet Folkl\u00f3rico H\u00e1tzikan de la E.E.F.T. Licenciado en Educaci\u00f3n Especial en el \u00e1rea de Problemas de aprendizaje. Desempe\u00f1a el cargo de Subdirector<br \/>Administrativo desde el a\u00f1o 2000[\/vc_hoverbox][\/vc_column_text][\/vc_column][\/vc_row][vc_row][vc_column][vc_custom_heading text=\u00bb\u00bfYA TE INSCRIBISTE A NUESTRO CURSO DE VERANO 2025? FALTAN:\u00bb font_container=\u00bbtag:h2|text_align:center|color:%23db214c\u00bb google_fonts=\u00bbfont_family:Lato%3A100%2C100italic%2C300%2C300italic%2Cregular%2Citalic%2C700%2C700italic%2C900%2C900italic|font_style:900%20bold%20regular%3A900%3Anormal\u00bb][\/vc_column][\/vc_row][vc_row][vc_column]<div id=\"pa-wrap\" class=\"pa-wrap\"><div  class=\"pa-countdown-w ctd-simple\" data-until=\"1749859200\" data-done=\"\u00a1Comenzamos el curso de verano!\" data-respond><div class=\"days-w block-w\"><i class=\"icon-w li_calendar\"><\/i><div class=\"count-w\"><\/div><div class=\"label-w\">Days<\/div><\/div><div class=\"hours-w block-w\"><i class=\"icon-w fa-clock-o\"><\/i><div class=\"count-w\"><\/div><div class=\"label-w\">Hours<\/div><\/div><div class=\"minutes-w block-w\"><i class=\"icon-w li_clock\"><\/i><div class=\"count-w\"><\/div><div class=\"label-w\">Minutes<\/div><\/div><div class=\"seconds-w block-w\"><i class=\"icon-w fa-hourglass-o\"><\/i><div class=\"count-w\"><\/div><div class=\"label-w\">Seconds<\/div><\/div><\/div><\/div>[\/vc_column][\/vc_row][vc_row][vc_column]\t<div id=\"pa-wrap\" class=\"pa-wrap\">\n\t\t<div class=\"pa-w-map\">\n\t\t\t<div id=\"map_69e5e9c5c0ee5\" style=\"height:400px;\"><\/div>\n\t\t<\/div>\n\t<\/div>\n\t\t\t<div id=\"save-widget\">\n\t\t\t<strong>ESCUELA ESPECIAL FOLKL\u00d3RICA TEPIC, A.C.<\/strong>\n\t\t\t\n\t\t<\/div>\n\t\t<script async defer\n    src=\"https:\/\/maps.googleapis.com\/maps\/api\/js?key=AIzaSyDR8FvlRqO6AA8LiWSQQoN9Ou4kH52N6yg\">\n    <\/script>\n\t<script type=\"text\/javascript\">\n\tjQuery(document).ready(function() {\n\n\t\t\/\/ init google map\n\t\tfunction initMap() {\n\n\t\t\tif ( Math.max(document.documentElement.clientWidth, window.innerWidth || 0) > 767 ) {\n\t\t\t\tvar isDraggable = true;\n\t\t\t} else {\n\t\t\t\tvar isDraggable = false;\n\t\t\t}\n\n\t\t\tvar map = new google.maps.Map(document.getElementById('map_69e5e9c5c0ee5'), {\n\t\t\t\tmapTypeControl: true,\n\t\t\t\tzoomControl: true,\n\t\t\t\tscrollwheel: true,\n\t\t\t\tstreetViewControl: true,\n\t\t\t\tscaleControl: true,\n\t\t\t\tzoom: 18,\n\t\t\t\tbackgroundColor: '',\n\t\t\t\tcenter: {lat: 21.508739835279112, lng: -104.90007014278765},\n\t\t\t\tdraggable: isDraggable,\n\t\t\t\tmapTypeControlOptions: {\n\t\t\t\t\tmapTypeIds: ['roadmap']\n\t\t\t\t},\n\t\t\t\tstyles: [{\n\t\t\t\t\tstylers: [\n\t\t\t\t\t\t{ hue: '' }\n\t\t\t\t\t]\n\t\t\t\t}]\n\t\t\t});\n\t\t\tsetMarkers(map);\n\t\t}\n\n\t\t\/\/ call init map function\n\t\tinitMap();\n\n\t\tfunction setMarkers(map) {\n\t\t\tvar items = [\n\t\t\t\t['ESCUELA ESPECIAL FOLKL\u00d3RICA TEPIC, A.C.',21.508739835279112,-104.90007014278765,'https:\/\/danzafolkloricatepic.edu.mx\/wp-content\/uploads\/2019\/06\/MAP.png',''],\t\t\t];\n\n\t\t\t\t\t\t\tvar widgetDiv = document.getElementById('save-widget');\n\t\t\t\tmap.controls[google.maps.ControlPosition.TOP_LEFT].push(widgetDiv);\n\t\t\t\n\t\t\tif ( typeof items != 'undefined' ) {\n\t\t\t\tfor ( var i = 0; i < items.length; i++ ) {\n\t\t\t\t\tvar item = items[i];\n\t\t\t\t\tvar marker = new google.maps.Marker({\n\t\t\t\t\t\tmap: map,\n\t\t\t\t\t\tanimation: google.maps.Animation.DROP,\t\t\t\t\t\tposition: {lat: item[1], lng: item[2]},\n\t\t\t\t\t\ticon: item[3],\n\t\t\t\t\t\ttitle: item[0],\n\t\t\t\t\t\tcontent: item[4],\n\t\t\t\t\t});\n\n\t\t\t\t   \/\/ Allow each marker to have an info window\n\t\t\t\t\tgoogle.maps.event.addListener(marker, 'click', (function (marker, index) {\n\t\t\t\t\t\treturn function () {\n\t\t\t\t\t\t\tif( this.content ) {\n\t\t\t\t\t\t\t\tinfoWindow.setContent(this.content);\n\t\t\t\t\t\t\t\tinfoWindow.open(map, this);\n\t\t\t\t\t\t\t}\n\t\t\t\t\t\t}\n\t\t\t\t\t})(marker, index));\n\n\t\t\t\t\tvar infoWindow = new google.maps.InfoWindow({\n\t\t\t\t\t\tcontent: item[4],\n\t\t\t\t\t\tmaxWidth: 250\n\t\t\t\t\t}), marker, index;\n\n\t\t\t\t\tmarker.addListener('click', function() {\n\t\t\t\t\t\tmap.setZoom(18);\n\t\t\t\t\t\tmap.setCenter(marker.position);\n\t\t\t\t\t});\n\t\t\t\t}\n\t\t\t}\n\t\t}\n\t});\n\t<\/script>\n\n\t[\/vc_column][\/vc_row]<\/p>\t\t\t\t\t\t\t\t<\/div>\n\t\t\t\t<\/div>\n\t\t\t\t\t<\/div>\n\t\t<\/div>\n\t\t\t\t\t<\/div>\n\t\t<\/section>\n\t\t\t\t<\/div>\n\t\t","protected":false},"excerpt":{"rendered":"<p>[vc_row full_width=\u00bbstretch_row\u00bb css=\u00bb.vc_custom_1649916396502{background: #db214c url(http:\/\/danzafolkloricatepic.edu.mx\/wp-content\/uploads\/2022\/04\/fondorosa.png?id=4901) !important;background-position: 0 0 !important;background-repeat: repeat !important;}\u00bb][vc_column width=\u00bb1\/3&#8243; css=\u00bb.vc_custom_1649916425021{background-position: 0 0 !important;background-repeat: repeat !important;}\u00bb][vc_column_text] \u00bfQui\u00e9nes somos? Somos una Instituci\u00f3n con personalildad Jur\u00eddica propia y reconocida por el Gobierno Estatal y Federal, adem\u00e1s contamos con seguridad, eficiencia y calidad para reforzar el bienestar social y cultural, respetando el marco \u00e9tico y legal; [&hellip;]<\/p>\n","protected":false},"author":1,"featured_media":0,"parent":0,"menu_order":0,"comment_status":"closed","ping_status":"closed","template":"","meta":{"footnotes":""},"class_list":["post-3125","page","type-page","status-publish","hentry"],"_links":{"self":[{"href":"https:\/\/danzafolkloricatepic.edu.mx\/index.php?rest_route=\/wp\/v2\/pages\/3125","targetHints":{"allow":["GET"]}}],"collection":[{"href":"https:\/\/danzafolkloricatepic.edu.mx\/index.php?rest_route=\/wp\/v2\/pages"}],"about":[{"href":"https:\/\/danzafolkloricatepic.edu.mx\/index.php?rest_route=\/wp\/v2\/types\/page"}],"author":[{"embeddable":true,"href":"https:\/\/danzafolkloricatepic.edu.mx\/index.php?rest_route=\/wp\/v2\/users\/1"}],"replies":[{"embeddable":true,"href":"https:\/\/danzafolkloricatepic.edu.mx\/index.php?rest_route=%2Fwp%2Fv2%2Fcomments&post=3125"}],"version-history":[{"count":54,"href":"https:\/\/danzafolkloricatepic.edu.mx\/index.php?rest_route=\/wp\/v2\/pages\/3125\/revisions"}],"predecessor-version":[{"id":5069,"href":"https:\/\/danzafolkloricatepic.edu.mx\/index.php?rest_route=\/wp\/v2\/pages\/3125\/revisions\/5069"}],"wp:attachment":[{"href":"https:\/\/danzafolkloricatepic.edu.mx\/index.php?rest_route=%2Fwp%2Fv2%2Fmedia&parent=3125"}],"curies":[{"name":"wp","href":"https:\/\/api.w.org\/{rel}","templated":true}]}}